{"id":23353,"date":"2025-04-07T09:34:27","date_gmt":"2025-04-07T09:34:27","guid":{"rendered":"https:\/\/www.likereply.com\/medienverweise\/"},"modified":"2025-05-23T13:46:53","modified_gmt":"2025-05-23T13:46:53","slug":"medienverweise","status":"publish","type":"page","link":"https:\/\/www.likereply.com\/de\/medienverweise\/","title":{"rendered":"Medienverweise"},"content":{"rendered":"\t\t<div data-elementor-type=\"wp-page\" data-elementor-id=\"23353\" class=\"elementor elementor-23353 elementor-22493\" data-elementor-post-type=\"page\">\n\t\t\t\t<div class=\"elementor-element elementor-element-74d151cc e-flex e-con-boxed e-con e-parent\" data-id=\"74d151cc\" data-element_type=\"container\" data-e-type=\"container\" data-settings=\"{&quot;background_background&quot;:&quot;classic&quot;}\">\n\t\t\t\t\t<div class=\"e-con-inner\">\n\t\t\t\t<div class=\"elementor-element elementor-element-67a571c7 elementor-widget elementor-widget-heading\" data-id=\"67a571c7\" data-element_type=\"widget\" data-e-type=\"widget\" data-widget_type=\"heading.default\">\n\t\t\t\t<div class=\"elementor-widget-container\">\n\t\t\t\t\t<h1 class=\"elementor-heading-title elementor-size-default\">Medienverweise<\/h1>\t\t\t\t<\/div>\n\t\t\t\t<\/div>\n\t\t\t\t\t<\/div>\n\t\t\t\t<\/div>\n\t\t<div class=\"elementor-element elementor-element-47f1244a e-flex e-con-boxed e-con e-parent\" data-id=\"47f1244a\" data-element_type=\"container\" data-e-type=\"container\">\n\t\t\t\t\t<div class=\"e-con-inner\">\n\t\t\t\t<div class=\"elementor-element elementor-element-76d59a8 elementor-widget elementor-widget-text-editor\" data-id=\"76d59a8\" data-element_type=\"widget\" data-e-type=\"widget\" data-widget_type=\"text-editor.default\">\n\t\t\t\t<div class=\"elementor-widget-container\">\n\t\t\t\t\t\t\t\t\t<p><span style=\"text-align: var(--text-align); color: var(--color-gray); font-family: Alaska-LightContrast, sans-serif; font-size: 16px;\">Bei Like Reply GmbH legen wir Wert auf Transparenz und Kreativit\u00e4t in allem, was wir tun \u2013 auch bei den Bildern auf unserer Website. Diese Seite bietet einen \u00dcberblick \u00fcber die Medienquellen, die wir verwenden, um unsere Inhalte zum Leben zu erwecken. Wir verlassen uns auf eine Auswahl hochwertiger, ordnungsgem\u00e4\u00df lizenzierter Ressourcen f\u00fcr Bilder, Illustrationen und Symbole. Nachfolgend finden Sie eine Liste unserer wichtigsten Medienquellen:   <\/span><\/p><ul><li><span style=\"text-align: var(--text-align); color: var(--color-gray); font-family: Alaska-LightContrast, sans-serif; font-size: 16px;\">Storyset (by Freepik) https:\/\/storyset.com\/ &#8211; Illustrationen<\/span><\/li><\/ul><h4>Updates der Medienverweise<\/h4><p><span style=\"text-align: var(--text-align); color: var(--color-gray); font-family: Alaska-LightContrast, sans-serif; font-size: 16px;\">Wir k\u00f6nnen von Zeit zu Zeit \u00c4nderungen an der Liste der Medienverweise vornehmen. Das Datum der letzten Aktualisierung oben auf dieser Seite gibt an, wann diese Liste zuletzt \u00fcberarbeitet wurde. Alle \u00c4nderungen treten in Kraft, sobald wir die \u00fcberarbeiteten Medienverweise auf dieser Website ver\u00f6ffentlichen.  <\/span><\/p><h4>Kontakt aufnehmen<\/h4><p><span style=\"text-align: var(--text-align); color: var(--color-gray); font-family: Alaska-LightContrast, sans-serif; font-size: 16px;\">Wenn Sie Anmerkungen oder Fragen zu den Medienverweisen haben, wenden Sie sich bitte an uns unter <a href=\"mailto:like@reply.de\">like@reply.de<\/a>. Sie k\u00f6nnen uns auch einen Brief an die folgende Adresse schicken:<\/span><\/p><p><span style=\"text-align: var(--text-align); color: var(--color-gray); font-family: Alaska-LightContrast, sans-serif; font-size: 16px;\">Like Reply GmbH<br>Riesstra\u00dfe 22<br>80992 Munich, Germany<\/span><\/p>\t\t\t\t\t\t\t\t<\/div>\n\t\t\t\t<\/div>\n\t\t\t\t\t<\/div>\n\t\t\t\t<\/div>\n\t\t<div class=\"elementor-element elementor-element-ba1c45f e-flex e-con-boxed e-con e-parent\" data-id=\"ba1c45f\" data-element_type=\"container\" data-e-type=\"container\">\n\t\t\t\t\t<div class=\"e-con-inner\">\n\t\t\t\t\t<\/div>\n\t\t\t\t<\/div>\n\t\t\t\t<\/div>\n\t\t","protected":false},"excerpt":{"rendered":"<p>Medienverweise Bei Like Reply GmbH legen wir Wert auf Transparenz und Kreativit\u00e4t in allem, was wir tun \u2013 auch bei den Bildern auf unserer Website. Diese Seite bietet einen \u00dcberblick \u00fcber die Medienquellen, die wir verwenden, um unsere Inhalte zum Leben zu erwecken. Wir verlassen uns auf eine Auswahl hochwertiger, ordnungsgem\u00e4\u00df lizenzierter Ressourcen f\u00fcr Bilder, [&hellip;]<\/p>\n","protected":false},"author":13,"featured_media":0,"parent":0,"menu_order":0,"comment_status":"closed","ping_status":"closed","template":"elementor_header_footer","meta":{"_acf_changed":false,"footnotes":""},"class_list":["post-23353","page","type-page","status-publish","hentry"],"acf":[],"yoast_head":"<!-- This site is optimized with the Yoast SEO plugin v27.1.1 - https:\/\/yoast.com\/product\/yoast-seo-wordpress\/ -->\n<title>Medienverweise - Like Reply<\/title>\n<meta name=\"robots\" content=\"index, follow, max-snippet:-1, max-image-preview:large, max-video-preview:-1\" \/>\n<link rel=\"canonical\" href=\"https:\/\/www.likereply.com\/de\/medienverweise\/\" \/>\n<meta property=\"og:locale\" content=\"de_DE\" \/>\n<meta property=\"og:type\" content=\"article\" \/>\n<meta property=\"og:title\" content=\"Medienverweise - Like Reply\" \/>\n<meta property=\"og:description\" content=\"Medienverweise Bei Like Reply GmbH legen wir Wert auf Transparenz und Kreativit\u00e4t in allem, was wir tun \u2013 auch bei den Bildern auf unserer Website. Diese Seite bietet einen \u00dcberblick \u00fcber die Medienquellen, die wir verwenden, um unsere Inhalte zum Leben zu erwecken. Wir verlassen uns auf eine Auswahl hochwertiger, ordnungsgem\u00e4\u00df lizenzierter Ressourcen f\u00fcr Bilder, [&hellip;]\" \/>\n<meta property=\"og:url\" content=\"https:\/\/www.likereply.com\/de\/medienverweise\/\" \/>\n<meta property=\"og:site_name\" content=\"Like Reply\" \/>\n<meta property=\"article:modified_time\" content=\"2025-05-23T13:46:53+00:00\" \/>\n<meta name=\"twitter:card\" content=\"summary_large_image\" \/>\n<meta name=\"twitter:label1\" content=\"Gesch\u00e4tzte Lesezeit\" \/>\n\t<meta name=\"twitter:data1\" content=\"1 Minute\" \/>\n<script type=\"application\/ld+json\" class=\"yoast-schema-graph\">{\"@context\":\"https:\/\/schema.org\",\"@graph\":[{\"@type\":\"WebPage\",\"@id\":\"https:\/\/www.likereply.com\/de\/medienverweise\/\",\"url\":\"https:\/\/www.likereply.com\/de\/medienverweise\/\",\"name\":\"Medienverweise - Like Reply\",\"isPartOf\":{\"@id\":\"https:\/\/www.likereply.com\/de\/#website\"},\"datePublished\":\"2025-04-07T09:34:27+00:00\",\"dateModified\":\"2025-05-23T13:46:53+00:00\",\"breadcrumb\":{\"@id\":\"https:\/\/www.likereply.com\/de\/medienverweise\/#breadcrumb\"},\"inLanguage\":\"de-DE\",\"potentialAction\":[{\"@type\":\"ReadAction\",\"target\":[\"https:\/\/www.likereply.com\/de\/medienverweise\/\"]}]},{\"@type\":\"BreadcrumbList\",\"@id\":\"https:\/\/www.likereply.com\/de\/medienverweise\/#breadcrumb\",\"itemListElement\":[{\"@type\":\"ListItem\",\"position\":1,\"name\":\"Home\",\"item\":\"https:\/\/www.likereply.com\/de\/\"},{\"@type\":\"ListItem\",\"position\":2,\"name\":\"Medienverweise\"}]},{\"@type\":\"WebSite\",\"@id\":\"https:\/\/www.likereply.com\/de\/#website\",\"url\":\"https:\/\/www.likereply.com\/de\/\",\"name\":\"Like Reply\",\"description\":\"We are your expert B2B Digital Experience Agency\",\"publisher\":{\"@id\":\"https:\/\/www.likereply.com\/de\/#organization\"},\"potentialAction\":[{\"@type\":\"SearchAction\",\"target\":{\"@type\":\"EntryPoint\",\"urlTemplate\":\"https:\/\/www.likereply.com\/de\/?s={search_term_string}\"},\"query-input\":{\"@type\":\"PropertyValueSpecification\",\"valueRequired\":true,\"valueName\":\"search_term_string\"}}],\"inLanguage\":\"de-DE\"},{\"@type\":\"Organization\",\"@id\":\"https:\/\/www.likereply.com\/de\/#organization\",\"name\":\"Like Reply\",\"url\":\"https:\/\/www.likereply.com\/de\/\",\"logo\":{\"@type\":\"ImageObject\",\"inLanguage\":\"de-DE\",\"@id\":\"https:\/\/www.likereply.com\/de\/#\/schema\/logo\/image\/\",\"url\":\"https:\/\/www.likereply.com\/wp-content\/uploads\/2024\/02\/Logo-2.png\",\"contentUrl\":\"https:\/\/www.likereply.com\/wp-content\/uploads\/2024\/02\/Logo-2.png\",\"width\":287,\"height\":87,\"caption\":\"Like Reply\"},\"image\":{\"@id\":\"https:\/\/www.likereply.com\/de\/#\/schema\/logo\/image\/\"},\"sameAs\":[\"https:\/\/www.linkedin.com\/company\/like-reply\/\"]}]}<\/script>\n<!-- \/ Yoast SEO plugin. -->","yoast_head_json":{"title":"Medienverweise - Like Reply","robots":{"index":"index","follow":"follow","max-snippet":"max-snippet:-1","max-image-preview":"max-image-preview:large","max-video-preview":"max-video-preview:-1"},"canonical":"https:\/\/www.likereply.com\/de\/medienverweise\/","og_locale":"de_DE","og_type":"article","og_title":"Medienverweise - Like Reply","og_description":"Medienverweise Bei Like Reply GmbH legen wir Wert auf Transparenz und Kreativit\u00e4t in allem, was wir tun \u2013 auch bei den Bildern auf unserer Website. Diese Seite bietet einen \u00dcberblick \u00fcber die Medienquellen, die wir verwenden, um unsere Inhalte zum Leben zu erwecken. Wir verlassen uns auf eine Auswahl hochwertiger, ordnungsgem\u00e4\u00df lizenzierter Ressourcen f\u00fcr Bilder, [&hellip;]","og_url":"https:\/\/www.likereply.com\/de\/medienverweise\/","og_site_name":"Like Reply","article_modified_time":"2025-05-23T13:46:53+00:00","twitter_card":"summary_large_image","twitter_misc":{"Gesch\u00e4tzte Lesezeit":"1 Minute"},"schema":{"@context":"https:\/\/schema.org","@graph":[{"@type":"WebPage","@id":"https:\/\/www.likereply.com\/de\/medienverweise\/","url":"https:\/\/www.likereply.com\/de\/medienverweise\/","name":"Medienverweise - Like Reply","isPartOf":{"@id":"https:\/\/www.likereply.com\/de\/#website"},"datePublished":"2025-04-07T09:34:27+00:00","dateModified":"2025-05-23T13:46:53+00:00","breadcrumb":{"@id":"https:\/\/www.likereply.com\/de\/medienverweise\/#breadcrumb"},"inLanguage":"de-DE","potentialAction":[{"@type":"ReadAction","target":["https:\/\/www.likereply.com\/de\/medienverweise\/"]}]},{"@type":"BreadcrumbList","@id":"https:\/\/www.likereply.com\/de\/medienverweise\/#breadcrumb","itemListElement":[{"@type":"ListItem","position":1,"name":"Home","item":"https:\/\/www.likereply.com\/de\/"},{"@type":"ListItem","position":2,"name":"Medienverweise"}]},{"@type":"WebSite","@id":"https:\/\/www.likereply.com\/de\/#website","url":"https:\/\/www.likereply.com\/de\/","name":"Like Reply","description":"We are your expert B2B Digital Experience Agency","publisher":{"@id":"https:\/\/www.likereply.com\/de\/#organization"},"potentialAction":[{"@type":"SearchAction","target":{"@type":"EntryPoint","urlTemplate":"https:\/\/www.likereply.com\/de\/?s={search_term_string}"},"query-input":{"@type":"PropertyValueSpecification","valueRequired":true,"valueName":"search_term_string"}}],"inLanguage":"de-DE"},{"@type":"Organization","@id":"https:\/\/www.likereply.com\/de\/#organization","name":"Like Reply","url":"https:\/\/www.likereply.com\/de\/","logo":{"@type":"ImageObject","inLanguage":"de-DE","@id":"https:\/\/www.likereply.com\/de\/#\/schema\/logo\/image\/","url":"https:\/\/www.likereply.com\/wp-content\/uploads\/2024\/02\/Logo-2.png","contentUrl":"https:\/\/www.likereply.com\/wp-content\/uploads\/2024\/02\/Logo-2.png","width":287,"height":87,"caption":"Like Reply"},"image":{"@id":"https:\/\/www.likereply.com\/de\/#\/schema\/logo\/image\/"},"sameAs":["https:\/\/www.linkedin.com\/company\/like-reply\/"]}]}},"_links":{"self":[{"href":"https:\/\/www.likereply.com\/de\/wp-json\/wp\/v2\/pages\/23353","targetHints":{"allow":["GET"]}}],"collection":[{"href":"https:\/\/www.likereply.com\/de\/wp-json\/wp\/v2\/pages"}],"about":[{"href":"https:\/\/www.likereply.com\/de\/wp-json\/wp\/v2\/types\/page"}],"author":[{"embeddable":true,"href":"https:\/\/www.likereply.com\/de\/wp-json\/wp\/v2\/users\/13"}],"replies":[{"embeddable":true,"href":"https:\/\/www.likereply.com\/de\/wp-json\/wp\/v2\/comments?post=23353"}],"version-history":[{"count":1,"href":"https:\/\/www.likereply.com\/de\/wp-json\/wp\/v2\/pages\/23353\/revisions"}],"predecessor-version":[{"id":23354,"href":"https:\/\/www.likereply.com\/de\/wp-json\/wp\/v2\/pages\/23353\/revisions\/23354"}],"wp:attachment":[{"href":"https:\/\/www.likereply.com\/de\/wp-json\/wp\/v2\/media?parent=23353"}],"curies":[{"name":"wp","href":"https:\/\/api.w.org\/{rel}","templated":true}]}}