{"id":12694,"date":"2024-03-05T09:21:00","date_gmt":"2024-03-05T09:21:00","guid":{"rendered":"https:\/\/lorenzov89.sg-host.com\/imprint\/"},"modified":"2024-11-24T17:15:50","modified_gmt":"2024-11-24T17:15:50","slug":"imprint","status":"publish","type":"page","link":"https:\/\/www.likereply.com\/fr\/imprint\/","title":{"rendered":"Mentions l\u00e9gales"},"content":{"rendered":"\t\t<div data-elementor-type=\"wp-page\" data-elementor-id=\"12694\" class=\"elementor elementor-12694 elementor-4850\" data-elementor-post-type=\"page\">\n\t\t\t\t<div class=\"elementor-element elementor-element-74d151cc e-flex e-con-boxed e-con e-parent\" data-id=\"74d151cc\" data-element_type=\"container\" data-e-type=\"container\" data-settings=\"{&quot;background_background&quot;:&quot;classic&quot;}\">\n\t\t\t\t\t<div class=\"e-con-inner\">\n\t\t\t\t<div class=\"elementor-element elementor-element-67a571c7 elementor-widget elementor-widget-heading\" data-id=\"67a571c7\" data-element_type=\"widget\" data-e-type=\"widget\" data-widget_type=\"heading.default\">\n\t\t\t\t<div class=\"elementor-widget-container\">\n\t\t\t\t\t<h1 class=\"elementor-heading-title elementor-size-default\">Mentions l\u00e9gales<\/h1>\t\t\t\t<\/div>\n\t\t\t\t<\/div>\n\t\t\t\t\t<\/div>\n\t\t\t\t<\/div>\n\t\t<div class=\"elementor-element elementor-element-47f1244a e-flex e-con-boxed e-con e-parent\" data-id=\"47f1244a\" data-element_type=\"container\" data-e-type=\"container\">\n\t\t\t\t\t<div class=\"e-con-inner\">\n\t\t\t\t<div class=\"elementor-element elementor-element-effc084 elementor-widget elementor-widget-text-editor\" data-id=\"effc084\" data-element_type=\"widget\" data-e-type=\"widget\" data-widget_type=\"text-editor.default\">\n\t\t\t\t<div class=\"elementor-widget-container\">\n\t\t\t\t\t\t\t\t\t<h3 style=\"font-weight: 600; line-height: 1.4074; font-size: var(--h5); font-family: Arial, Arial, Tahoma, sans-serif; color: #1b1b1b;\"><span style=\"color: var(--color-heading); font-family: Alaska-MediumContrast, sans-serif; font-size: var(--h5); text-align: var(--text-align);\">Cette mention l\u00e9gale est conforme aux lois allemandes en vertu des articles 5 TMG et 55 RStV.<\/span><\/h3>\n\t\t\t\t\t\t\t\t<\/div>\n\t\t\t\t<\/div>\n\t\t\t\t<div class=\"elementor-element elementor-element-4161944 elementor-widget elementor-widget-text-editor\" data-id=\"4161944\" data-element_type=\"widget\" data-e-type=\"widget\" data-widget_type=\"text-editor.default\">\n\t\t\t\t<div class=\"elementor-widget-container\">\n\t\t\t\t\t\t\t\t\t<h3>Like Reply GmbH<\/h3>\n<div>Bartholom\u00e4usweg 26<br \/>33334 G\u00fctersloh<br \/>Registre du commerce : HRB 12423<br \/>Tribunal d&#8217;Enregistrement : G\u00fctersloh<\/div>\n\t\t\t\t\t\t\t\t<\/div>\n\t\t\t\t<\/div>\n\t\t\t\t<div class=\"elementor-element elementor-element-59adc43 elementor-widget elementor-widget-text-editor\" data-id=\"59adc43\" data-element_type=\"widget\" data-e-type=\"widget\" data-widget_type=\"text-editor.default\">\n\t\t\t\t<div class=\"elementor-widget-container\">\n\t\t\t\t\t\t\t\t\t<h3>Repr\u00e9sent\u00e9 par<\/h3>\n<div>Joel Puznava<\/div>\n\t\t\t\t\t\t\t\t<\/div>\n\t\t\t\t<\/div>\n\t\t\t\t<div class=\"elementor-element elementor-element-a5e3888 elementor-widget elementor-widget-text-editor\" data-id=\"a5e3888\" data-element_type=\"widget\" data-e-type=\"widget\" data-widget_type=\"text-editor.default\">\n\t\t\t\t<div class=\"elementor-widget-container\">\n\t\t\t\t\t\t\t\t\t<h3>Contact<\/h3>\n<div>t\u00e9l\u00e9phone : <span style=\"text-align: var(--text-align);\">+49 (0) 89 411142-880 <\/span> <\/div>\n<div>\n<p>E-mail : <a href=\"mailto:like@reply.de\">like@reply.de<\/a><\/p>\n<\/div>\n\t\t\t\t\t\t\t\t<\/div>\n\t\t\t\t<\/div>\n\t\t\t\t<div class=\"elementor-element elementor-element-4f9b393 elementor-widget elementor-widget-text-editor\" data-id=\"4f9b393\" data-element_type=\"widget\" data-e-type=\"widget\" data-widget_type=\"text-editor.default\">\n\t\t\t\t<div class=\"elementor-widget-container\">\n\t\t\t\t\t\t\t\t\t<h3>R\u00e9solution des litiges dans l&#8217;UE<\/h3>\n<div><span style=\"text-align: var(--text-align);\">La Commission Europ\u00e9enne fournit une plateforme pour la r\u00e9solution en ligne des litiges (RLL) : <a href=\"https:\/\/ec.europa.eu\/consumers\/odr\/\">https:\/\/ec.europa.eu\/consumers\/odr\/<\/a>.<\/span><\/div>\n<div>Vous pouvez trouver notre adresse e-mail dans les mentions l\u00e9gales ci-dessus.<\/div>\t\t\t\t\t\t\t\t<\/div>\n\t\t\t\t<\/div>\n\t\t\t\t<div class=\"elementor-element elementor-element-284c662 elementor-widget elementor-widget-text-editor\" data-id=\"284c662\" data-element_type=\"widget\" data-e-type=\"widget\" data-widget_type=\"text-editor.default\">\n\t\t\t\t<div class=\"elementor-widget-container\">\n\t\t\t\t\t\t\t\t\t<h3>Responsable du contenu<\/h3>\n<div>Joel Puznava<\/div>\n<div>Riesstra\u00dfe 22<\/div>\n<div>80992 M\u00fcnchen<\/div>\t\t\t\t\t\t\t\t<\/div>\n\t\t\t\t<\/div>\n\t\t\t\t<div class=\"elementor-element elementor-element-acfd969 elementor-widget elementor-widget-text-editor\" data-id=\"acfd969\" data-element_type=\"widget\" data-e-type=\"widget\" data-widget_type=\"text-editor.default\">\n\t\t\t\t<div class=\"elementor-widget-container\">\n\t\t\t\t\t\t\t\t\t<h3>R\u00e9solution des litiges de consommation\/Commission d&#8217;arbitrage universelle<\/h3>\n<div><span style=\"text-align: var(--text-align);\">Nous ne sommes ni dispos\u00e9s ni oblig\u00e9s \u00e0 participer \u00e0 des proc\u00e9dures de r\u00e9solution des litiges devant une commission d&#8217;arbitrage des consommateurs.<\/span><\/div>\n\t\t\t\t\t\t\t\t<\/div>\n\t\t\t\t<\/div>\n\t\t\t\t<div class=\"elementor-element elementor-element-36831dc elementor-widget elementor-widget-text-editor\" data-id=\"36831dc\" data-element_type=\"widget\" data-e-type=\"widget\" data-widget_type=\"text-editor.default\">\n\t\t\t\t<div class=\"elementor-widget-container\">\n\t\t\t\t\t\t\t\t\t<h3>Mentions l\u00e9gales<\/h3>\n<div>\n<div>La soci\u00e9t\u00e9 Like Reply GmbH v\u00e9rifie et met r\u00e9guli\u00e8rement \u00e0 jour les informations sur ce site web. Malgr\u00e9 tous nos soins, les donn\u00e9es peuvent avoir chang\u00e9 entre-temps. Une responsabilit\u00e9 ou une garantie quant \u00e0 l&#8217;actualit\u00e9, l&#8217;exactitude et l&#8217;exhaustivit\u00e9 des informations fournies ne peut donc pas \u00eatre accept\u00e9e. Cela s&#8217;applique \u00e9galement \u00e0 tous les autres sites web r\u00e9f\u00e9renc\u00e9s par hyperlien. Like Reply GmbH n&#8217;est pas responsable du contenu des sites web accessibles via un tel lien.    <\/div>\n<div>En outre, Like Reply GmbH se r\u00e9serve le droit de modifier ou de compl\u00e9ter les informations fournies.<\/div>\n<div>Le contenu et la structure du site web de Like Reply sont prot\u00e9g\u00e9s par le droit d&#8217;auteur. La reproduction d&#8217;informations ou de donn\u00e9es, en particulier l&#8217;utilisation de textes, de parties de textes, d&#8217;images ou de mat\u00e9riel vid\u00e9o, n\u00e9cessite le consentement pr\u00e9alable de Like Reply GmbH. <\/div>\n<div> <\/div>\n<div>\u00a9 Like Reply GmbH. Tous droits r\u00e9serv\u00e9s. <\/div>\n<\/div>\n\t\t\t\t\t\t\t\t<\/div>\n\t\t\t\t<\/div>\n\t\t\t\t\t<\/div>\n\t\t\t\t<\/div>\n\t\t\t\t<\/div>\n\t\t","protected":false},"excerpt":{"rendered":"<p>Mentions l\u00e9gales Cette mention l\u00e9gale est conforme aux lois allemandes en vertu des articles 5 TMG et 55 RStV. Like Reply GmbH Bartholom\u00e4usweg 2633334 G\u00fcterslohRegistre du commerce : HRB 12423Tribunal d&#8217;Enregistrement : G\u00fctersloh Repr\u00e9sent\u00e9 par Joel Puznava Contact t\u00e9l\u00e9phone : +49 (0) 89 411142-880 E-mail : like@reply.de R\u00e9solution des litiges dans l&#8217;UE La Commission Europ\u00e9enne [&hellip;]<\/p>\n","protected":false},"author":4,"featured_media":0,"parent":0,"menu_order":0,"comment_status":"closed","ping_status":"closed","template":"elementor_header_footer","meta":{"_acf_changed":false,"footnotes":""},"class_list":["post-12694","page","type-page","status-publish","hentry"],"acf":[],"yoast_head":"<!-- This site is optimized with the Yoast SEO plugin v27.1.1 - https:\/\/yoast.com\/product\/yoast-seo-wordpress\/ -->\n<title>Mentions l\u00e9gales - Like Reply<\/title>\n<meta name=\"robots\" content=\"index, follow, max-snippet:-1, max-image-preview:large, max-video-preview:-1\" \/>\n<link rel=\"canonical\" href=\"https:\/\/www.likereply.com\/fr\/imprint\/\" \/>\n<meta property=\"og:locale\" content=\"fr_FR\" \/>\n<meta property=\"og:type\" content=\"article\" \/>\n<meta property=\"og:title\" content=\"Mentions l\u00e9gales - Like Reply\" \/>\n<meta property=\"og:description\" content=\"Mentions l\u00e9gales Cette mention l\u00e9gale est conforme aux lois allemandes en vertu des articles 5 TMG et 55 RStV. Like Reply GmbH Bartholom\u00e4usweg 2633334 G\u00fcterslohRegistre du commerce : HRB 12423Tribunal d&#8217;Enregistrement : G\u00fctersloh Repr\u00e9sent\u00e9 par Joel Puznava Contact t\u00e9l\u00e9phone : +49 (0) 89 411142-880 E-mail : like@reply.de R\u00e9solution des litiges dans l&#8217;UE La Commission Europ\u00e9enne [&hellip;]\" \/>\n<meta property=\"og:url\" content=\"https:\/\/www.likereply.com\/fr\/imprint\/\" \/>\n<meta property=\"og:site_name\" content=\"Like Reply\" \/>\n<meta property=\"article:modified_time\" content=\"2024-11-24T17:15:50+00:00\" \/>\n<meta name=\"twitter:card\" content=\"summary_large_image\" \/>\n<meta name=\"twitter:label1\" content=\"Dur\u00e9e de lecture estim\u00e9e\" \/>\n\t<meta name=\"twitter:data1\" content=\"2 minutes\" \/>\n<script type=\"application\/ld+json\" class=\"yoast-schema-graph\">{\"@context\":\"https:\/\/schema.org\",\"@graph\":[{\"@type\":\"WebPage\",\"@id\":\"https:\/\/www.likereply.com\/fr\/imprint\/\",\"url\":\"https:\/\/www.likereply.com\/fr\/imprint\/\",\"name\":\"Mentions l\u00e9gales - Like Reply\",\"isPartOf\":{\"@id\":\"https:\/\/www.likereply.com\/fr\/#website\"},\"datePublished\":\"2024-03-05T09:21:00+00:00\",\"dateModified\":\"2024-11-24T17:15:50+00:00\",\"breadcrumb\":{\"@id\":\"https:\/\/www.likereply.com\/fr\/imprint\/#breadcrumb\"},\"inLanguage\":\"fr-FR\",\"potentialAction\":[{\"@type\":\"ReadAction\",\"target\":[\"https:\/\/www.likereply.com\/fr\/imprint\/\"]}]},{\"@type\":\"BreadcrumbList\",\"@id\":\"https:\/\/www.likereply.com\/fr\/imprint\/#breadcrumb\",\"itemListElement\":[{\"@type\":\"ListItem\",\"position\":1,\"name\":\"Home\",\"item\":\"https:\/\/www.likereply.com\/fr\/\"},{\"@type\":\"ListItem\",\"position\":2,\"name\":\"Mentions l\u00e9gales\"}]},{\"@type\":\"WebSite\",\"@id\":\"https:\/\/www.likereply.com\/fr\/#website\",\"url\":\"https:\/\/www.likereply.com\/fr\/\",\"name\":\"Like Reply\",\"description\":\"We are your expert B2B Digital Experience Agency\",\"publisher\":{\"@id\":\"https:\/\/www.likereply.com\/fr\/#organization\"},\"potentialAction\":[{\"@type\":\"SearchAction\",\"target\":{\"@type\":\"EntryPoint\",\"urlTemplate\":\"https:\/\/www.likereply.com\/fr\/?s={search_term_string}\"},\"query-input\":{\"@type\":\"PropertyValueSpecification\",\"valueRequired\":true,\"valueName\":\"search_term_string\"}}],\"inLanguage\":\"fr-FR\"},{\"@type\":\"Organization\",\"@id\":\"https:\/\/www.likereply.com\/fr\/#organization\",\"name\":\"Like Reply\",\"url\":\"https:\/\/www.likereply.com\/fr\/\",\"logo\":{\"@type\":\"ImageObject\",\"inLanguage\":\"fr-FR\",\"@id\":\"https:\/\/www.likereply.com\/fr\/#\/schema\/logo\/image\/\",\"url\":\"https:\/\/www.likereply.com\/wp-content\/uploads\/2024\/02\/Logo-2.png\",\"contentUrl\":\"https:\/\/www.likereply.com\/wp-content\/uploads\/2024\/02\/Logo-2.png\",\"width\":287,\"height\":87,\"caption\":\"Like Reply\"},\"image\":{\"@id\":\"https:\/\/www.likereply.com\/fr\/#\/schema\/logo\/image\/\"},\"sameAs\":[\"https:\/\/www.linkedin.com\/company\/like-reply\/\"]}]}<\/script>\n<!-- \/ Yoast SEO plugin. -->","yoast_head_json":{"title":"Mentions l\u00e9gales - Like Reply","robots":{"index":"index","follow":"follow","max-snippet":"max-snippet:-1","max-image-preview":"max-image-preview:large","max-video-preview":"max-video-preview:-1"},"canonical":"https:\/\/www.likereply.com\/fr\/imprint\/","og_locale":"fr_FR","og_type":"article","og_title":"Mentions l\u00e9gales - Like Reply","og_description":"Mentions l\u00e9gales Cette mention l\u00e9gale est conforme aux lois allemandes en vertu des articles 5 TMG et 55 RStV. Like Reply GmbH Bartholom\u00e4usweg 2633334 G\u00fcterslohRegistre du commerce : HRB 12423Tribunal d&#8217;Enregistrement : G\u00fctersloh Repr\u00e9sent\u00e9 par Joel Puznava Contact t\u00e9l\u00e9phone : +49 (0) 89 411142-880 E-mail : like@reply.de R\u00e9solution des litiges dans l&#8217;UE La Commission Europ\u00e9enne [&hellip;]","og_url":"https:\/\/www.likereply.com\/fr\/imprint\/","og_site_name":"Like Reply","article_modified_time":"2024-11-24T17:15:50+00:00","twitter_card":"summary_large_image","twitter_misc":{"Dur\u00e9e de lecture estim\u00e9e":"2 minutes"},"schema":{"@context":"https:\/\/schema.org","@graph":[{"@type":"WebPage","@id":"https:\/\/www.likereply.com\/fr\/imprint\/","url":"https:\/\/www.likereply.com\/fr\/imprint\/","name":"Mentions l\u00e9gales - Like Reply","isPartOf":{"@id":"https:\/\/www.likereply.com\/fr\/#website"},"datePublished":"2024-03-05T09:21:00+00:00","dateModified":"2024-11-24T17:15:50+00:00","breadcrumb":{"@id":"https:\/\/www.likereply.com\/fr\/imprint\/#breadcrumb"},"inLanguage":"fr-FR","potentialAction":[{"@type":"ReadAction","target":["https:\/\/www.likereply.com\/fr\/imprint\/"]}]},{"@type":"BreadcrumbList","@id":"https:\/\/www.likereply.com\/fr\/imprint\/#breadcrumb","itemListElement":[{"@type":"ListItem","position":1,"name":"Home","item":"https:\/\/www.likereply.com\/fr\/"},{"@type":"ListItem","position":2,"name":"Mentions l\u00e9gales"}]},{"@type":"WebSite","@id":"https:\/\/www.likereply.com\/fr\/#website","url":"https:\/\/www.likereply.com\/fr\/","name":"Like Reply","description":"We are your expert B2B Digital Experience Agency","publisher":{"@id":"https:\/\/www.likereply.com\/fr\/#organization"},"potentialAction":[{"@type":"SearchAction","target":{"@type":"EntryPoint","urlTemplate":"https:\/\/www.likereply.com\/fr\/?s={search_term_string}"},"query-input":{"@type":"PropertyValueSpecification","valueRequired":true,"valueName":"search_term_string"}}],"inLanguage":"fr-FR"},{"@type":"Organization","@id":"https:\/\/www.likereply.com\/fr\/#organization","name":"Like Reply","url":"https:\/\/www.likereply.com\/fr\/","logo":{"@type":"ImageObject","inLanguage":"fr-FR","@id":"https:\/\/www.likereply.com\/fr\/#\/schema\/logo\/image\/","url":"https:\/\/www.likereply.com\/wp-content\/uploads\/2024\/02\/Logo-2.png","contentUrl":"https:\/\/www.likereply.com\/wp-content\/uploads\/2024\/02\/Logo-2.png","width":287,"height":87,"caption":"Like Reply"},"image":{"@id":"https:\/\/www.likereply.com\/fr\/#\/schema\/logo\/image\/"},"sameAs":["https:\/\/www.linkedin.com\/company\/like-reply\/"]}]}},"_links":{"self":[{"href":"https:\/\/www.likereply.com\/fr\/wp-json\/wp\/v2\/pages\/12694","targetHints":{"allow":["GET"]}}],"collection":[{"href":"https:\/\/www.likereply.com\/fr\/wp-json\/wp\/v2\/pages"}],"about":[{"href":"https:\/\/www.likereply.com\/fr\/wp-json\/wp\/v2\/types\/page"}],"author":[{"embeddable":true,"href":"https:\/\/www.likereply.com\/fr\/wp-json\/wp\/v2\/users\/4"}],"replies":[{"embeddable":true,"href":"https:\/\/www.likereply.com\/fr\/wp-json\/wp\/v2\/comments?post=12694"}],"version-history":[{"count":3,"href":"https:\/\/www.likereply.com\/fr\/wp-json\/wp\/v2\/pages\/12694\/revisions"}],"predecessor-version":[{"id":19374,"href":"https:\/\/www.likereply.com\/fr\/wp-json\/wp\/v2\/pages\/12694\/revisions\/19374"}],"wp:attachment":[{"href":"https:\/\/www.likereply.com\/fr\/wp-json\/wp\/v2\/media?parent=12694"}],"curies":[{"name":"wp","href":"https:\/\/api.w.org\/{rel}","templated":true}]}}