{"id":23622,"date":"2025-04-07T09:34:27","date_gmt":"2025-04-07T09:34:27","guid":{"rendered":"https:\/\/www.likereply.com\/references-des-contenus-visuels\/"},"modified":"2026-04-28T14:08:20","modified_gmt":"2026-04-28T14:08:20","slug":"references-des-contenus-visuels","status":"publish","type":"page","link":"https:\/\/www.likereply.com\/fr\/references-des-contenus-visuels\/","title":{"rendered":"R\u00e9f\u00e9rences m\u00e9diatiques"},"content":{"rendered":"\t\t<div data-elementor-type=\"wp-page\" data-elementor-id=\"23622\" class=\"elementor elementor-23622 elementor-22493\" data-elementor-post-type=\"page\">\n\t\t\t\t<div class=\"elementor-element elementor-element-74d151cc e-flex e-con-boxed e-con e-parent\" data-id=\"74d151cc\" data-element_type=\"container\" data-e-type=\"container\" data-settings=\"{&quot;background_background&quot;:&quot;classic&quot;}\">\n\t\t\t\t\t<div class=\"e-con-inner\">\n\t\t\t\t<div class=\"elementor-element elementor-element-67a571c7 elementor-widget elementor-widget-heading\" data-id=\"67a571c7\" data-element_type=\"widget\" data-e-type=\"widget\" data-widget_type=\"heading.default\">\n\t\t\t\t<div class=\"elementor-widget-container\">\n\t\t\t\t\t<h1 class=\"elementor-heading-title elementor-size-default\">R\u00e9f\u00e9rences m\u00e9diatiques<\/h1>\t\t\t\t<\/div>\n\t\t\t\t<\/div>\n\t\t\t\t\t<\/div>\n\t\t\t\t<\/div>\n\t\t<div class=\"elementor-element elementor-element-47f1244a e-flex e-con-boxed e-con e-parent\" data-id=\"47f1244a\" data-element_type=\"container\" data-e-type=\"container\">\n\t\t\t\t\t<div class=\"e-con-inner\">\n\t\t\t\t<div class=\"elementor-element elementor-element-76d59a8 elementor-widget elementor-widget-text-editor\" data-id=\"76d59a8\" data-element_type=\"widget\" data-e-type=\"widget\" data-widget_type=\"text-editor.default\">\n\t\t\t\t<div class=\"elementor-widget-container\">\n\t\t\t\t\t\t\t\t\t<p><span style=\"text-align: var(--text-align); color: var(--color-gray); font-family: Alaska-LightContrast, sans-serif; font-size: 16px;\">Chez Like Reply GmbH, nous accordons une grande importance \u00e0 la transparence et \u00e0 la cr\u00e9ativit\u00e9 dans tout ce que nous faisons, y compris pour les \u00e9l\u00e9ments visuels de notre site web. Cette page pr\u00e9sente un aper\u00e7u des sources multim\u00e9dias auxquelles nous avons recours pour donner vie \u00e0 notre contenu. Nous utilisons une s\u00e9lection de ressources de haute qualit\u00e9, accompagn\u00e9es des licences appropri\u00e9es, pour nos images, illustrations et ic\u00f4nes. Vous trouverez ci-dessous la liste de nos principales sources multim\u00e9dias :   <\/span><\/p>\n<ul>\n<li><span style=\"text-align: var(--text-align); color: var(--color-gray); font-family: Alaska-LightContrast, sans-serif; font-size: 16px;\">Storyset (by Freepik) https:\/\/storyset.com\/ &#8211; Illustrations<\/span><\/li>\n<\/ul>\n<h4>Mises \u00e0 jour des r\u00e9f\u00e9rences m\u00e9diatiques<\/h4>\n<p><span style=\"text-align: var(--text-align); color: var(--color-gray); font-family: Alaska-LightContrast, sans-serif; font-size: 16px;\">Nous pouvons \u00eatre amen\u00e9s \u00e0 modifier la liste des r\u00e9f\u00e9rences m\u00e9diatiques de temps \u00e0 autre. La mention \u00ab Derni\u00e8re mise \u00e0 jour \u00bb en haut de cette page indique la date de la derni\u00e8re r\u00e9vision de cette liste. Toute modification prendra effet d\u00e8s la publication de la liste r\u00e9vis\u00e9e sur ce site web.  <\/span><\/p>\n<h4>Contactez-nous<\/h4>\n<p><span style=\"text-align: var(--text-align); color: var(--color-gray); font-family: Alaska-LightContrast, sans-serif; font-size: 16px;\">Si vous avez des commentaires ou des questions concernant les r\u00e9f\u00e9rences m\u00e9diatiques, n&#8217;h\u00e9sitez pas \u00e0 nous contacter \u00e0 l&#8217;adresse <a href=\"mailto:like@reply.de\">like@reply.de<\/a>. Vous pouvez \u00e9galement nous envoyer une lettre \u00e0 l&#8217;adresse suivante :<\/span><\/p>\n<p>Like Reply GmbH<br>Luise-Ullrich-Stra\u00dfe 14<br>80636 Munich, Allemagne<\/p>\t\t\t\t\t\t\t\t<\/div>\n\t\t\t\t<\/div>\n\t\t\t\t\t<\/div>\n\t\t\t\t<\/div>\n\t\t<div class=\"elementor-element elementor-element-ba1c45f e-flex e-con-boxed e-con e-parent\" data-id=\"ba1c45f\" data-element_type=\"container\" data-e-type=\"container\">\n\t\t\t\t\t<div class=\"e-con-inner\">\n\t\t\t\t\t<\/div>\n\t\t\t\t<\/div>\n\t\t\t\t<\/div>\n\t\t","protected":false},"excerpt":{"rendered":"<p>R\u00e9f\u00e9rences m\u00e9diatiques Chez Like Reply GmbH, nous accordons une grande importance \u00e0 la transparence et \u00e0 la cr\u00e9ativit\u00e9 dans tout ce que nous faisons, y compris pour les \u00e9l\u00e9ments visuels de notre site web. Cette page pr\u00e9sente un aper\u00e7u des sources multim\u00e9dias auxquelles nous avons recours pour donner vie \u00e0 notre contenu. Nous utilisons une [&hellip;]<\/p>\n","protected":false},"author":13,"featured_media":0,"parent":0,"menu_order":0,"comment_status":"closed","ping_status":"closed","template":"elementor_header_footer","meta":{"_acf_changed":false,"footnotes":""},"class_list":["post-23622","page","type-page","status-publish","hentry"],"acf":[],"yoast_head":"<!-- This site is optimized with the Yoast SEO plugin v27.1.1 - https:\/\/yoast.com\/product\/yoast-seo-wordpress\/ -->\n<title>R\u00e9f\u00e9rences m\u00e9diatiques - Like Reply<\/title>\n<meta name=\"robots\" content=\"index, follow, max-snippet:-1, max-image-preview:large, max-video-preview:-1\" \/>\n<link rel=\"canonical\" href=\"https:\/\/www.likereply.com\/fr\/references-des-contenus-visuels\/\" \/>\n<meta property=\"og:locale\" content=\"fr_FR\" \/>\n<meta property=\"og:type\" content=\"article\" \/>\n<meta property=\"og:title\" content=\"R\u00e9f\u00e9rences m\u00e9diatiques - Like Reply\" \/>\n<meta property=\"og:description\" content=\"R\u00e9f\u00e9rences m\u00e9diatiques Chez Like Reply GmbH, nous accordons une grande importance \u00e0 la transparence et \u00e0 la cr\u00e9ativit\u00e9 dans tout ce que nous faisons, y compris pour les \u00e9l\u00e9ments visuels de notre site web. Cette page pr\u00e9sente un aper\u00e7u des sources multim\u00e9dias auxquelles nous avons recours pour donner vie \u00e0 notre contenu. Nous utilisons une [&hellip;]\" \/>\n<meta property=\"og:url\" content=\"https:\/\/www.likereply.com\/fr\/references-des-contenus-visuels\/\" \/>\n<meta property=\"og:site_name\" content=\"Like Reply\" \/>\n<meta property=\"article:modified_time\" content=\"2026-04-28T14:08:20+00:00\" \/>\n<meta name=\"twitter:card\" content=\"summary_large_image\" \/>\n<meta name=\"twitter:label1\" content=\"Dur\u00e9e de lecture estim\u00e9e\" \/>\n\t<meta name=\"twitter:data1\" content=\"1 minute\" \/>\n<script type=\"application\/ld+json\" class=\"yoast-schema-graph\">{\"@context\":\"https:\/\/schema.org\",\"@graph\":[{\"@type\":\"WebPage\",\"@id\":\"https:\/\/www.likereply.com\/fr\/references-des-contenus-visuels\/\",\"url\":\"https:\/\/www.likereply.com\/fr\/references-des-contenus-visuels\/\",\"name\":\"R\u00e9f\u00e9rences m\u00e9diatiques - Like Reply\",\"isPartOf\":{\"@id\":\"https:\/\/www.likereply.com\/fr\/#website\"},\"datePublished\":\"2025-04-07T09:34:27+00:00\",\"dateModified\":\"2026-04-28T14:08:20+00:00\",\"breadcrumb\":{\"@id\":\"https:\/\/www.likereply.com\/fr\/references-des-contenus-visuels\/#breadcrumb\"},\"inLanguage\":\"fr-FR\",\"potentialAction\":[{\"@type\":\"ReadAction\",\"target\":[\"https:\/\/www.likereply.com\/fr\/references-des-contenus-visuels\/\"]}]},{\"@type\":\"BreadcrumbList\",\"@id\":\"https:\/\/www.likereply.com\/fr\/references-des-contenus-visuels\/#breadcrumb\",\"itemListElement\":[{\"@type\":\"ListItem\",\"position\":1,\"name\":\"Home\",\"item\":\"https:\/\/www.likereply.com\/fr\/\"},{\"@type\":\"ListItem\",\"position\":2,\"name\":\"R\u00e9f\u00e9rences m\u00e9diatiques\"}]},{\"@type\":\"WebSite\",\"@id\":\"https:\/\/www.likereply.com\/fr\/#website\",\"url\":\"https:\/\/www.likereply.com\/fr\/\",\"name\":\"Like Reply\",\"description\":\"We are your expert B2B Digital Experience Agency\",\"publisher\":{\"@id\":\"https:\/\/www.likereply.com\/fr\/#organization\"},\"potentialAction\":[{\"@type\":\"SearchAction\",\"target\":{\"@type\":\"EntryPoint\",\"urlTemplate\":\"https:\/\/www.likereply.com\/fr\/?s={search_term_string}\"},\"query-input\":{\"@type\":\"PropertyValueSpecification\",\"valueRequired\":true,\"valueName\":\"search_term_string\"}}],\"inLanguage\":\"fr-FR\"},{\"@type\":\"Organization\",\"@id\":\"https:\/\/www.likereply.com\/fr\/#organization\",\"name\":\"Like Reply\",\"url\":\"https:\/\/www.likereply.com\/fr\/\",\"logo\":{\"@type\":\"ImageObject\",\"inLanguage\":\"fr-FR\",\"@id\":\"https:\/\/www.likereply.com\/fr\/#\/schema\/logo\/image\/\",\"url\":\"https:\/\/www.likereply.com\/wp-content\/uploads\/2024\/02\/Logo-2.png\",\"contentUrl\":\"https:\/\/www.likereply.com\/wp-content\/uploads\/2024\/02\/Logo-2.png\",\"width\":287,\"height\":87,\"caption\":\"Like Reply\"},\"image\":{\"@id\":\"https:\/\/www.likereply.com\/fr\/#\/schema\/logo\/image\/\"},\"sameAs\":[\"https:\/\/www.linkedin.com\/company\/like-reply\/\"]}]}<\/script>\n<!-- \/ Yoast SEO plugin. -->","yoast_head_json":{"title":"R\u00e9f\u00e9rences m\u00e9diatiques - Like Reply","robots":{"index":"index","follow":"follow","max-snippet":"max-snippet:-1","max-image-preview":"max-image-preview:large","max-video-preview":"max-video-preview:-1"},"canonical":"https:\/\/www.likereply.com\/fr\/references-des-contenus-visuels\/","og_locale":"fr_FR","og_type":"article","og_title":"R\u00e9f\u00e9rences m\u00e9diatiques - Like Reply","og_description":"R\u00e9f\u00e9rences m\u00e9diatiques Chez Like Reply GmbH, nous accordons une grande importance \u00e0 la transparence et \u00e0 la cr\u00e9ativit\u00e9 dans tout ce que nous faisons, y compris pour les \u00e9l\u00e9ments visuels de notre site web. Cette page pr\u00e9sente un aper\u00e7u des sources multim\u00e9dias auxquelles nous avons recours pour donner vie \u00e0 notre contenu. Nous utilisons une [&hellip;]","og_url":"https:\/\/www.likereply.com\/fr\/references-des-contenus-visuels\/","og_site_name":"Like Reply","article_modified_time":"2026-04-28T14:08:20+00:00","twitter_card":"summary_large_image","twitter_misc":{"Dur\u00e9e de lecture estim\u00e9e":"1 minute"},"schema":{"@context":"https:\/\/schema.org","@graph":[{"@type":"WebPage","@id":"https:\/\/www.likereply.com\/fr\/references-des-contenus-visuels\/","url":"https:\/\/www.likereply.com\/fr\/references-des-contenus-visuels\/","name":"R\u00e9f\u00e9rences m\u00e9diatiques - Like Reply","isPartOf":{"@id":"https:\/\/www.likereply.com\/fr\/#website"},"datePublished":"2025-04-07T09:34:27+00:00","dateModified":"2026-04-28T14:08:20+00:00","breadcrumb":{"@id":"https:\/\/www.likereply.com\/fr\/references-des-contenus-visuels\/#breadcrumb"},"inLanguage":"fr-FR","potentialAction":[{"@type":"ReadAction","target":["https:\/\/www.likereply.com\/fr\/references-des-contenus-visuels\/"]}]},{"@type":"BreadcrumbList","@id":"https:\/\/www.likereply.com\/fr\/references-des-contenus-visuels\/#breadcrumb","itemListElement":[{"@type":"ListItem","position":1,"name":"Home","item":"https:\/\/www.likereply.com\/fr\/"},{"@type":"ListItem","position":2,"name":"R\u00e9f\u00e9rences m\u00e9diatiques"}]},{"@type":"WebSite","@id":"https:\/\/www.likereply.com\/fr\/#website","url":"https:\/\/www.likereply.com\/fr\/","name":"Like Reply","description":"We are your expert B2B Digital Experience Agency","publisher":{"@id":"https:\/\/www.likereply.com\/fr\/#organization"},"potentialAction":[{"@type":"SearchAction","target":{"@type":"EntryPoint","urlTemplate":"https:\/\/www.likereply.com\/fr\/?s={search_term_string}"},"query-input":{"@type":"PropertyValueSpecification","valueRequired":true,"valueName":"search_term_string"}}],"inLanguage":"fr-FR"},{"@type":"Organization","@id":"https:\/\/www.likereply.com\/fr\/#organization","name":"Like Reply","url":"https:\/\/www.likereply.com\/fr\/","logo":{"@type":"ImageObject","inLanguage":"fr-FR","@id":"https:\/\/www.likereply.com\/fr\/#\/schema\/logo\/image\/","url":"https:\/\/www.likereply.com\/wp-content\/uploads\/2024\/02\/Logo-2.png","contentUrl":"https:\/\/www.likereply.com\/wp-content\/uploads\/2024\/02\/Logo-2.png","width":287,"height":87,"caption":"Like Reply"},"image":{"@id":"https:\/\/www.likereply.com\/fr\/#\/schema\/logo\/image\/"},"sameAs":["https:\/\/www.linkedin.com\/company\/like-reply\/"]}]}},"_links":{"self":[{"href":"https:\/\/www.likereply.com\/fr\/wp-json\/wp\/v2\/pages\/23622","targetHints":{"allow":["GET"]}}],"collection":[{"href":"https:\/\/www.likereply.com\/fr\/wp-json\/wp\/v2\/pages"}],"about":[{"href":"https:\/\/www.likereply.com\/fr\/wp-json\/wp\/v2\/types\/page"}],"author":[{"embeddable":true,"href":"https:\/\/www.likereply.com\/fr\/wp-json\/wp\/v2\/users\/13"}],"replies":[{"embeddable":true,"href":"https:\/\/www.likereply.com\/fr\/wp-json\/wp\/v2\/comments?post=23622"}],"version-history":[{"count":3,"href":"https:\/\/www.likereply.com\/fr\/wp-json\/wp\/v2\/pages\/23622\/revisions"}],"predecessor-version":[{"id":29453,"href":"https:\/\/www.likereply.com\/fr\/wp-json\/wp\/v2\/pages\/23622\/revisions\/29453"}],"wp:attachment":[{"href":"https:\/\/www.likereply.com\/fr\/wp-json\/wp\/v2\/media?parent=23622"}],"curies":[{"name":"wp","href":"https:\/\/api.w.org\/{rel}","templated":true}]}}