{"id":14776,"date":"2024-07-11T10:02:34","date_gmt":"2024-07-11T10:02:34","guid":{"rendered":"https:\/\/lorenzov89.sg-host.com\/?page_id=14776"},"modified":"2024-07-11T10:04:43","modified_gmt":"2024-07-11T10:04:43","slug":"marketing-automation","status":"publish","type":"page","link":"https:\/\/www.likereply.com\/it\/marketing-automation\/","title":{"rendered":"Cos&#8217;\u00e8 la Marketing Automation?"},"content":{"rendered":"\t\t<div data-elementor-type=\"wp-page\" data-elementor-id=\"14776\" class=\"elementor elementor-14776\" data-elementor-post-type=\"page\">\n\t\t\t\t<div class=\"elementor-element elementor-element-4ed7a4c e-flex e-con-boxed e-con e-parent\" data-id=\"4ed7a4c\" data-element_type=\"container\" data-e-type=\"container\" data-settings=\"{&quot;background_background&quot;:&quot;classic&quot;,&quot;background_motion_fx_translateY_effect&quot;:&quot;yes&quot;,&quot;background_motion_fx_motion_fx_scrolling&quot;:&quot;yes&quot;,&quot;background_motion_fx_translateY_speed&quot;:{&quot;unit&quot;:&quot;px&quot;,&quot;size&quot;:4,&quot;sizes&quot;:[]},&quot;background_motion_fx_translateY_affectedRange&quot;:{&quot;unit&quot;:&quot;%&quot;,&quot;size&quot;:&quot;&quot;,&quot;sizes&quot;:{&quot;start&quot;:0,&quot;end&quot;:100}},&quot;background_motion_fx_devices&quot;:[&quot;desktop&quot;,&quot;tablet&quot;,&quot;mobile&quot;]}\">\n\t\t\t\t\t<div class=\"e-con-inner\">\n\t\t<div class=\"elementor-element elementor-element-64967cb e-flex e-con-boxed e-con e-child\" data-id=\"64967cb\" data-element_type=\"container\" data-e-type=\"container\">\n\t\t\t\t\t<div class=\"e-con-inner\">\n\t\t\t\t<div class=\"elementor-element elementor-element-11d0536 elementor-widget elementor-widget-heading\" data-id=\"11d0536\" data-element_type=\"widget\" data-e-type=\"widget\" data-widget_type=\"heading.default\">\n\t\t\t\t<div class=\"elementor-widget-container\">\n\t\t\t\t\t<h1 class=\"elementor-heading-title elementor-size-default\">Cos'\u00e8 <br> Marketing Automation?\n<\/h1>\t\t\t\t<\/div>\n\t\t\t\t<\/div>\n\t\t\t\t<div class=\"elementor-element elementor-element-929a30c elementor-widget elementor-widget-heading\" data-id=\"929a30c\" data-element_type=\"widget\" data-e-type=\"widget\" data-widget_type=\"heading.default\">\n\t\t\t\t<div class=\"elementor-widget-container\">\n\t\t\t\t\t<p class=\"elementor-heading-title elementor-size-default\">Le moderne soluzioni di marketing automation forniscono un supporto completo nella qualificazione dei vostri clienti digitali e consentono un indirizzamento mirato e personalizzato con il processo decisionale e con lo stato del cliente.\n<\/p>\t\t\t\t<\/div>\n\t\t\t\t<\/div>\n\t\t\t\t\t<\/div>\n\t\t\t\t<\/div>\n\t\t\t\t\t<\/div>\n\t\t\t\t<\/div>\n\t\t<div class=\"elementor-element elementor-element-91784e2 e-flex e-con-boxed e-con e-parent\" data-id=\"91784e2\" data-element_type=\"container\" data-e-type=\"container\">\n\t\t\t\t\t<div class=\"e-con-inner\">\n\t\t\t\t<div class=\"elementor-element elementor-element-cf6ac74 elementor-widget elementor-widget-spacer\" data-id=\"cf6ac74\" data-element_type=\"widget\" data-e-type=\"widget\" data-widget_type=\"spacer.default\">\n\t\t\t\t<div class=\"elementor-widget-container\">\n\t\t\t\t\t\t\t<div class=\"elementor-spacer\">\n\t\t\t<div class=\"elementor-spacer-inner\"><\/div>\n\t\t<\/div>\n\t\t\t\t\t\t<\/div>\n\t\t\t\t<\/div>\n\t\t\t\t\t<\/div>\n\t\t\t\t<\/div>\n\t\t<div class=\"elementor-element elementor-element-377f22c e-flex e-con-boxed e-con e-parent\" data-id=\"377f22c\" data-element_type=\"container\" data-e-type=\"container\" data-settings=\"{&quot;background_background&quot;:&quot;classic&quot;}\">\n\t\t\t\t\t<div class=\"e-con-inner\">\n\t\t\t\t<div class=\"elementor-element elementor-element-fbb293f elementor-widget elementor-widget-heading\" data-id=\"fbb293f\" data-element_type=\"widget\" data-e-type=\"widget\" data-widget_type=\"heading.default\">\n\t\t\t\t<div class=\"elementor-widget-container\">\n\t\t\t\t\t<h2 class=\"elementor-heading-title elementor-size-default\">Marketing Automation<\/h2>\t\t\t\t<\/div>\n\t\t\t\t<\/div>\n\t\t\t\t<div class=\"elementor-element elementor-element-03a93b4 elementor-widget elementor-widget-text-editor\" data-id=\"03a93b4\" data-element_type=\"widget\" data-e-type=\"widget\" data-widget_type=\"text-editor.default\">\n\t\t\t\t<div class=\"elementor-widget-container\">\n\t\t\t\t\t\t\t\t\t<div class=\"page\" title=\"Pagina 1\"><div class=\"layoutArea\"><div class=\"column\"><p>Avete mai visto un potenziale cliente venire da voi ed esprimere le sue esigenze alla vostra azienda senza che sia stato chiesto? Non aspettate o non sperate che questo accada. Quello che sicuramente avete gi\u00e0 sperimentato sono potenziali clienti che si allontanano da voi per mancanza di contenuti adeguati Ci\u00f2 solleva la questione di come misurare le esigenze dei vostri clienti esistenti e potenziali, trarre conclusioni dal loro approccio digitale e avviare un dialogo per convalidare le vostre conclusioni e i vostri calcoli. Gli insights e le conoscenze acquisite sono utili e preziose di per s\u00e9, ma possono essere utilizzate in modo efficace solo se le misure giuste sono sviluppate e la comunicazione adattata alle esigenze del vostro target e dei vostri clienti. Chi \u00e8 il vostro cliente e a che punto \u00e8 il suo processo decisionale?<\/p><p>Le moderne soluzioni di marketing automation forniscono un supporto completo nella qualificazione dei vostri clienti digitali e consentono un indirizzamento mirato e personalizzato con messaggi e offerte in linea con il processo decisionale e con lo stato del cliente. Oltre al feedback diretto dei vostri lead e dei vostri clienti attraverso l&#8217;interrogazione attiva dei loro interessi, esiste un modo molto pi\u00f9 efficace per raccogliere le informazioni richieste: misurando e interpretando il comportamento sui loro canali digitali. Le aperture e i click dei destinatari delle newsletter, i prodotti nel carrello, i click sui contenuti categorizzati, le registrazioni per eventi o i suggerimenti &#8211; le possibilit\u00e0 di misurazione del comportamento sono vaste.<\/p><p>Oltre all&#8217;identificazione di visitor e user, la categorizzazione dei contenuti, ad esempio secondo gruppi di prodotti o caratteristiche divisibili, \u00e8 di importanza decisiva per l&#8217;analisi e la fruibilit\u00e0. Ogni interazione all&#8217;interno dei canali misurabili richiede un&#8217;identit\u00e0 chiaramente definita, in relazione ad un servizio o ad un prodotto.<\/p><\/div><\/div><\/div>\t\t\t\t\t\t\t\t<\/div>\n\t\t\t\t<\/div>\n\t\t\t\t<div class=\"elementor-element elementor-element-d536ed6 elementor-widget elementor-widget-spacer\" data-id=\"d536ed6\" data-element_type=\"widget\" data-e-type=\"widget\" data-widget_type=\"spacer.default\">\n\t\t\t\t<div class=\"elementor-widget-container\">\n\t\t\t\t\t\t\t<div class=\"elementor-spacer\">\n\t\t\t<div class=\"elementor-spacer-inner\"><\/div>\n\t\t<\/div>\n\t\t\t\t\t\t<\/div>\n\t\t\t\t<\/div>\n\t\t\t\t\t<\/div>\n\t\t\t\t<\/div>\n\t\t<div class=\"elementor-element elementor-element-a5d261c e-flex e-con-boxed e-con e-parent\" data-id=\"a5d261c\" data-element_type=\"container\" data-e-type=\"container\" data-settings=\"{&quot;background_background&quot;:&quot;classic&quot;}\">\n\t\t\t\t\t<div class=\"e-con-inner\">\n\t\t\t\t<div class=\"elementor-element elementor-element-7739951 elementor-widget elementor-widget-heading\" data-id=\"7739951\" data-element_type=\"widget\" data-e-type=\"widget\" data-widget_type=\"heading.default\">\n\t\t\t\t<div class=\"elementor-widget-container\">\n\t\t\t\t\t<h2 class=\"elementor-heading-title elementor-size-default\">Le Soluzioni Di Marketing Automation<\/h2>\t\t\t\t<\/div>\n\t\t\t\t<\/div>\n\t\t<div class=\"elementor-element elementor-element-a497fb0 e-grid e-con-boxed e-con e-child\" data-id=\"a497fb0\" data-element_type=\"container\" data-e-type=\"container\">\n\t\t\t\t\t<div class=\"e-con-inner\">\n\t\t\t\t<div class=\"elementor-element elementor-element-b985534 elementor-widget elementor-widget-text-editor\" data-id=\"b985534\" data-element_type=\"widget\" data-e-type=\"widget\" data-widget_type=\"text-editor.default\">\n\t\t\t\t<div class=\"elementor-widget-container\">\n\t\t\t\t\t\t\t\t\t<div class=\"page\" title=\"Pagina 1\"><div class=\"layoutArea\"><div class=\"column\"><p>A seconda del prodotto o del servizio offerto, la complessit\u00e0 che ne risulta pu\u00f2 essere inizialmente un fattore scoraggiante, ma il tracking dettagliato del comportamento \u00e8 importate per l\u2019invio di messaggi rilevanti al momento giusto ai potenziali clienti. \u00c8 possibile anche dedurre conclusioni immediate sul successo o il fallimento delle vostre attivit\u00e0 di digital marketing. Questi due fattori insieme legittimano gli investimenti in soluzioni di marketing automation sia a breve termine, aumentando le vendite e il fatturato, sia a lungo termine, come base per decisioni strategiche basate sui dati. Siete voi a determinare quale combinazione di contenuti e canale \u00e8 efficace, dove e perch\u00e9 i lead non vengono convertiti in clienti e cosa ottimizza ulteriormente l&#8217;esperienza del cliente per promuovere la soddisfazione a lungo termine e la fidelizzazione dei clienti.\u00a0<\/p><p><span style=\"color: inherit; font-size: inherit; background-color: var( --e-global-color-1e859a6 );\">Non aspettate che i vostri clienti nuovi ed esistenti si rivelino a voi &#8211; imparate da ogni click!<\/span><\/p><\/div><\/div><\/div>\t\t\t\t\t\t\t\t<\/div>\n\t\t\t\t<\/div>\n\t\t\t\t\t<\/div>\n\t\t\t\t<\/div>\n\t\t\t\t<div class=\"elementor-element elementor-element-2973f90 elementor-widget elementor-widget-spacer\" data-id=\"2973f90\" data-element_type=\"widget\" data-e-type=\"widget\" data-widget_type=\"spacer.default\">\n\t\t\t\t<div class=\"elementor-widget-container\">\n\t\t\t\t\t\t\t<div class=\"elementor-spacer\">\n\t\t\t<div class=\"elementor-spacer-inner\"><\/div>\n\t\t<\/div>\n\t\t\t\t\t\t<\/div>\n\t\t\t\t<\/div>\n\t\t\t\t\t<\/div>\n\t\t\t\t<\/div>\n\t\t<div class=\"elementor-element elementor-element-42fa94e e-flex e-con-boxed e-con e-parent\" data-id=\"42fa94e\" data-element_type=\"container\" data-e-type=\"container\">\n\t\t\t\t\t<div class=\"e-con-inner\">\n\t\t\t\t<div class=\"elementor-element elementor-element-1208958 elementor-widget elementor-widget-spacer\" data-id=\"1208958\" data-element_type=\"widget\" data-e-type=\"widget\" data-widget_type=\"spacer.default\">\n\t\t\t\t<div class=\"elementor-widget-container\">\n\t\t\t\t\t\t\t<div class=\"elementor-spacer\">\n\t\t\t<div class=\"elementor-spacer-inner\"><\/div>\n\t\t<\/div>\n\t\t\t\t\t\t<\/div>\n\t\t\t\t<\/div>\n\t\t\t\t\t<\/div>\n\t\t\t\t<\/div>\n\t\t<div class=\"elementor-element elementor-element-3e9ecc42 e-flex e-con-boxed e-con e-parent\" data-id=\"3e9ecc42\" data-element_type=\"container\" data-e-type=\"container\" data-settings=\"{&quot;background_background&quot;:&quot;classic&quot;}\">\n\t\t\t\t\t<div class=\"e-con-inner\">\n\t\t<div class=\"elementor-element elementor-element-13a97b02 e-con-full elementor-hidden-tablet elementor-hidden-mobile e-flex e-con e-child\" data-id=\"13a97b02\" data-element_type=\"container\" data-e-type=\"container\">\n\t\t\t\t<\/div>\n\t\t<div class=\"elementor-element elementor-element-18ec7c96 e-con-full e-flex e-con e-child\" data-id=\"18ec7c96\" data-element_type=\"container\" data-e-type=\"container\">\n\t\t\t\t<div class=\"elementor-element elementor-element-26bcf9b1 elementor-widget elementor-widget-image\" data-id=\"26bcf9b1\" data-element_type=\"widget\" data-e-type=\"widget\" data-widget_type=\"image.default\">\n\t\t\t\t<div class=\"elementor-widget-container\">\n\t\t\t\t\t\t\t\t\t\t\t\t\t\t\t<img decoding=\"async\" width=\"150\" height=\"46\" src=\"data:image\/gif;base64,R0lGODlhAQABAIAAAAAAAP\/\/\/yH5BAEAAAAALAAAAAABAAEAAAIBRAA7\" data-src=\"https:\/\/www.likereply.com\/wp-content\/uploads\/2024\/02\/logo-white.png\" class=\"attachment-full size-full wp-image-11316 lazyload\" alt=\"\" \/><noscript><img decoding=\"async\" width=\"150\" height=\"46\" src=\"https:\/\/www.likereply.com\/wp-content\/uploads\/2024\/02\/logo-white.png\" class=\"attachment-full size-full wp-image-11316 lazyload\" alt=\"\" \/><\/noscript>\t\t\t\t\t\t\t\t\t\t\t\t\t\t\t<\/div>\n\t\t\t\t<\/div>\n\t\t\t\t<div class=\"elementor-element elementor-element-1cf2edc9 elementor-widget elementor-widget-heading\" data-id=\"1cf2edc9\" data-element_type=\"widget\" data-e-type=\"widget\" data-widget_type=\"heading.default\">\n\t\t\t\t<div class=\"elementor-widget-container\">\n\t\t\t\t\t<h2 class=\"elementor-heading-title elementor-size-default\">Trasformiamo insieme il tuo panorama digitale<\/h2>\t\t\t\t<\/div>\n\t\t\t\t<\/div>\n\t\t\t\t<div class=\"elementor-element elementor-element-44f0ff58 elementor-widget elementor-widget-text-editor\" data-id=\"44f0ff58\" data-element_type=\"widget\" data-e-type=\"widget\" data-widget_type=\"text-editor.default\">\n\t\t\t\t<div class=\"elementor-widget-container\">\n\t\t\t\t\t\t\t\t\t<p><span style=\"white-space-collapse: preserve;\">Sfrutta tutto il potenziale della tua presenza digitale con le nostre strategie di marketing progettate per favorire la crescita, il coinvolgimento e la conversione. Contattaci oggi stesso per trasformare la tua visione in un successo. <\/span><\/p>\n\t\t\t\t\t\t\t\t<\/div>\n\t\t\t\t<\/div>\n\t\t\t\t<div class=\"elementor-element elementor-element-7a7ec666 elementor-widget elementor-widget-imroz-button\" data-id=\"7a7ec666\" data-element_type=\"widget\" data-e-type=\"widget\" data-widget_type=\"imroz-button.default\">\n\t\t\t\t<div class=\"elementor-widget-container\">\n\t\t\t\t\t                    <div class=\"text-center\">\n                <a href=\"https:\/\/www.likereply.com\/contact\/\" target=\"_self\" rel=\"nofollow\" class=\" rbt-button  rn-button-style--2 btn_border btn-large rbt-btn-white\"><span class=\"button-text\">Contact us<\/span><\/a>            <\/div>\n                \t\t\t\t<\/div>\n\t\t\t\t<\/div>\n\t\t\t\t<\/div>\n\t\t<div class=\"elementor-element elementor-element-1301343 e-con-full elementor-hidden-tablet elementor-hidden-mobile e-flex e-con e-child\" data-id=\"1301343\" data-element_type=\"container\" data-e-type=\"container\">\n\t\t\t\t<\/div>\n\t\t\t\t\t<\/div>\n\t\t\t\t<\/div>\n\t\t\t\t<\/div>\n\t\t","protected":false},"excerpt":{"rendered":"<p>Cos&#8217;\u00e8 Marketing Automation? Le moderne soluzioni di marketing automation forniscono un supporto completo nella qualificazione dei vostri clienti digitali e consentono un indirizzamento mirato e personalizzato con il processo decisionale e con lo stato del cliente. Marketing Automation Avete mai visto un potenziale cliente venire da voi ed esprimere le sue esigenze alla vostra azienda [&hellip;]<\/p>\n","protected":false},"author":6,"featured_media":11673,"parent":0,"menu_order":0,"comment_status":"closed","ping_status":"closed","template":"elementor_header_footer","meta":{"_acf_changed":false,"footnotes":""},"class_list":["post-14776","page","type-page","status-publish","has-post-thumbnail","hentry"],"acf":[],"yoast_head":"<!-- This site is optimized with the Yoast SEO plugin v27.1.1 - https:\/\/yoast.com\/product\/yoast-seo-wordpress\/ -->\n<title>Advanced Digital Analytics e Strategie CRO | Like Reply<\/title>\n<meta name=\"description\" content=\"Scopri le soluzioni analitiche di Reply per l&#039;analisi dei dati e la business intelligence. Scopri come le nostre tecnologie innovative possono ottimizzare la tua strategia aziendale.\" \/>\n<meta name=\"robots\" content=\"index, follow, max-snippet:-1, max-image-preview:large, max-video-preview:-1\" \/>\n<link rel=\"canonical\" href=\"https:\/\/www.likereply.com\/it\/marketing-automation\/\" \/>\n<meta property=\"og:locale\" content=\"it_IT\" \/>\n<meta property=\"og:type\" content=\"article\" \/>\n<meta property=\"og:title\" content=\"Advanced Digital Analytics e Strategie CRO | Like Reply\" \/>\n<meta property=\"og:description\" content=\"Scopri le soluzioni analitiche di Reply per l&#039;analisi dei dati e la business intelligence. Scopri come le nostre tecnologie innovative possono ottimizzare la tua strategia aziendale.\" \/>\n<meta property=\"og:url\" content=\"https:\/\/www.likereply.com\/it\/marketing-automation\/\" \/>\n<meta property=\"og:site_name\" content=\"Like Reply\" \/>\n<meta property=\"article:modified_time\" content=\"2024-07-11T10:04:43+00:00\" \/>\n<meta property=\"og:image\" content=\"https:\/\/www.likereply.it\/wp-content\/uploads\/2024\/04\/Header-Visual_IMG_17-scaled.jpg\" \/>\n\t<meta property=\"og:image:width\" content=\"1920\" \/>\n\t<meta property=\"og:image:height\" content=\"1280\" \/>\n\t<meta property=\"og:image:type\" content=\"image\/jpeg\" \/>\n<meta name=\"twitter:card\" content=\"summary_large_image\" \/>\n<meta name=\"twitter:label1\" content=\"Tempo di lettura stimato\" \/>\n\t<meta name=\"twitter:data1\" content=\"3 minuti\" \/>\n<script type=\"application\/ld+json\" class=\"yoast-schema-graph\">{\"@context\":\"https:\/\/schema.org\",\"@graph\":[{\"@type\":\"WebPage\",\"@id\":\"https:\/\/www.likereply.com\/it\/marketing-automation\/\",\"url\":\"https:\/\/www.likereply.com\/it\/marketing-automation\/\",\"name\":\"Advanced Digital Analytics e Strategie CRO | Like Reply\",\"isPartOf\":{\"@id\":\"https:\/\/www.likereply.com\/it\/#website\"},\"primaryImageOfPage\":{\"@id\":\"https:\/\/www.likereply.com\/it\/marketing-automation\/#primaryimage\"},\"image\":{\"@id\":\"https:\/\/www.likereply.com\/it\/marketing-automation\/#primaryimage\"},\"thumbnailUrl\":\"https:\/\/www.likereply.com\/wp-content\/uploads\/2024\/04\/Header-Visual_IMG_17-scaled.jpg\",\"datePublished\":\"2024-07-11T10:02:34+00:00\",\"dateModified\":\"2024-07-11T10:04:43+00:00\",\"description\":\"Scopri le soluzioni analitiche di Reply per l'analisi dei dati e la business intelligence. Scopri come le nostre tecnologie innovative possono ottimizzare la tua strategia aziendale.\",\"breadcrumb\":{\"@id\":\"https:\/\/www.likereply.com\/it\/marketing-automation\/#breadcrumb\"},\"inLanguage\":\"it-IT\",\"potentialAction\":[{\"@type\":\"ReadAction\",\"target\":[\"https:\/\/www.likereply.com\/it\/marketing-automation\/\"]}]},{\"@type\":\"ImageObject\",\"inLanguage\":\"it-IT\",\"@id\":\"https:\/\/www.likereply.com\/it\/marketing-automation\/#primaryimage\",\"url\":\"https:\/\/www.likereply.com\/wp-content\/uploads\/2024\/04\/Header-Visual_IMG_17-scaled.jpg\",\"contentUrl\":\"https:\/\/www.likereply.com\/wp-content\/uploads\/2024\/04\/Header-Visual_IMG_17-scaled.jpg\",\"width\":1920,\"height\":1280},{\"@type\":\"BreadcrumbList\",\"@id\":\"https:\/\/www.likereply.com\/it\/marketing-automation\/#breadcrumb\",\"itemListElement\":[{\"@type\":\"ListItem\",\"position\":1,\"name\":\"Home\",\"item\":\"https:\/\/www.likereply.com\/it\/\"},{\"@type\":\"ListItem\",\"position\":2,\"name\":\"Cos&#8217;\u00e8 la Marketing Automation?\"}]},{\"@type\":\"WebSite\",\"@id\":\"https:\/\/www.likereply.com\/it\/#website\",\"url\":\"https:\/\/www.likereply.com\/it\/\",\"name\":\"Like Reply\",\"description\":\"We are your expert B2B Digital Experience Agency\",\"publisher\":{\"@id\":\"https:\/\/www.likereply.com\/it\/#organization\"},\"potentialAction\":[{\"@type\":\"SearchAction\",\"target\":{\"@type\":\"EntryPoint\",\"urlTemplate\":\"https:\/\/www.likereply.com\/it\/?s={search_term_string}\"},\"query-input\":{\"@type\":\"PropertyValueSpecification\",\"valueRequired\":true,\"valueName\":\"search_term_string\"}}],\"inLanguage\":\"it-IT\"},{\"@type\":\"Organization\",\"@id\":\"https:\/\/www.likereply.com\/it\/#organization\",\"name\":\"Like Reply\",\"url\":\"https:\/\/www.likereply.com\/it\/\",\"logo\":{\"@type\":\"ImageObject\",\"inLanguage\":\"it-IT\",\"@id\":\"https:\/\/www.likereply.com\/it\/#\/schema\/logo\/image\/\",\"url\":\"https:\/\/www.likereply.com\/wp-content\/uploads\/2024\/02\/Logo-2.png\",\"contentUrl\":\"https:\/\/www.likereply.com\/wp-content\/uploads\/2024\/02\/Logo-2.png\",\"width\":287,\"height\":87,\"caption\":\"Like Reply\"},\"image\":{\"@id\":\"https:\/\/www.likereply.com\/it\/#\/schema\/logo\/image\/\"},\"sameAs\":[\"https:\/\/www.linkedin.com\/company\/like-reply\/\"]}]}<\/script>\n<!-- \/ Yoast SEO plugin. -->","yoast_head_json":{"title":"Advanced Digital Analytics e Strategie CRO | Like Reply","description":"Scopri le soluzioni analitiche di Reply per l'analisi dei dati e la business intelligence. Scopri come le nostre tecnologie innovative possono ottimizzare la tua strategia aziendale.","robots":{"index":"index","follow":"follow","max-snippet":"max-snippet:-1","max-image-preview":"max-image-preview:large","max-video-preview":"max-video-preview:-1"},"canonical":"https:\/\/www.likereply.com\/it\/marketing-automation\/","og_locale":"it_IT","og_type":"article","og_title":"Advanced Digital Analytics e Strategie CRO | Like Reply","og_description":"Scopri le soluzioni analitiche di Reply per l'analisi dei dati e la business intelligence. Scopri come le nostre tecnologie innovative possono ottimizzare la tua strategia aziendale.","og_url":"https:\/\/www.likereply.com\/it\/marketing-automation\/","og_site_name":"Like Reply","article_modified_time":"2024-07-11T10:04:43+00:00","og_image":[{"width":1920,"height":1280,"url":"https:\/\/www.likereply.it\/wp-content\/uploads\/2024\/04\/Header-Visual_IMG_17-scaled.jpg","type":"image\/jpeg"}],"twitter_card":"summary_large_image","twitter_misc":{"Tempo di lettura stimato":"3 minuti"},"schema":{"@context":"https:\/\/schema.org","@graph":[{"@type":"WebPage","@id":"https:\/\/www.likereply.com\/it\/marketing-automation\/","url":"https:\/\/www.likereply.com\/it\/marketing-automation\/","name":"Advanced Digital Analytics e Strategie CRO | Like Reply","isPartOf":{"@id":"https:\/\/www.likereply.com\/it\/#website"},"primaryImageOfPage":{"@id":"https:\/\/www.likereply.com\/it\/marketing-automation\/#primaryimage"},"image":{"@id":"https:\/\/www.likereply.com\/it\/marketing-automation\/#primaryimage"},"thumbnailUrl":"https:\/\/www.likereply.com\/wp-content\/uploads\/2024\/04\/Header-Visual_IMG_17-scaled.jpg","datePublished":"2024-07-11T10:02:34+00:00","dateModified":"2024-07-11T10:04:43+00:00","description":"Scopri le soluzioni analitiche di Reply per l'analisi dei dati e la business intelligence. Scopri come le nostre tecnologie innovative possono ottimizzare la tua strategia aziendale.","breadcrumb":{"@id":"https:\/\/www.likereply.com\/it\/marketing-automation\/#breadcrumb"},"inLanguage":"it-IT","potentialAction":[{"@type":"ReadAction","target":["https:\/\/www.likereply.com\/it\/marketing-automation\/"]}]},{"@type":"ImageObject","inLanguage":"it-IT","@id":"https:\/\/www.likereply.com\/it\/marketing-automation\/#primaryimage","url":"https:\/\/www.likereply.com\/wp-content\/uploads\/2024\/04\/Header-Visual_IMG_17-scaled.jpg","contentUrl":"https:\/\/www.likereply.com\/wp-content\/uploads\/2024\/04\/Header-Visual_IMG_17-scaled.jpg","width":1920,"height":1280},{"@type":"BreadcrumbList","@id":"https:\/\/www.likereply.com\/it\/marketing-automation\/#breadcrumb","itemListElement":[{"@type":"ListItem","position":1,"name":"Home","item":"https:\/\/www.likereply.com\/it\/"},{"@type":"ListItem","position":2,"name":"Cos&#8217;\u00e8 la Marketing Automation?"}]},{"@type":"WebSite","@id":"https:\/\/www.likereply.com\/it\/#website","url":"https:\/\/www.likereply.com\/it\/","name":"Like Reply","description":"We are your expert B2B Digital Experience Agency","publisher":{"@id":"https:\/\/www.likereply.com\/it\/#organization"},"potentialAction":[{"@type":"SearchAction","target":{"@type":"EntryPoint","urlTemplate":"https:\/\/www.likereply.com\/it\/?s={search_term_string}"},"query-input":{"@type":"PropertyValueSpecification","valueRequired":true,"valueName":"search_term_string"}}],"inLanguage":"it-IT"},{"@type":"Organization","@id":"https:\/\/www.likereply.com\/it\/#organization","name":"Like Reply","url":"https:\/\/www.likereply.com\/it\/","logo":{"@type":"ImageObject","inLanguage":"it-IT","@id":"https:\/\/www.likereply.com\/it\/#\/schema\/logo\/image\/","url":"https:\/\/www.likereply.com\/wp-content\/uploads\/2024\/02\/Logo-2.png","contentUrl":"https:\/\/www.likereply.com\/wp-content\/uploads\/2024\/02\/Logo-2.png","width":287,"height":87,"caption":"Like Reply"},"image":{"@id":"https:\/\/www.likereply.com\/it\/#\/schema\/logo\/image\/"},"sameAs":["https:\/\/www.linkedin.com\/company\/like-reply\/"]}]}},"_links":{"self":[{"href":"https:\/\/www.likereply.com\/it\/wp-json\/wp\/v2\/pages\/14776","targetHints":{"allow":["GET"]}}],"collection":[{"href":"https:\/\/www.likereply.com\/it\/wp-json\/wp\/v2\/pages"}],"about":[{"href":"https:\/\/www.likereply.com\/it\/wp-json\/wp\/v2\/types\/page"}],"author":[{"embeddable":true,"href":"https:\/\/www.likereply.com\/it\/wp-json\/wp\/v2\/users\/6"}],"replies":[{"embeddable":true,"href":"https:\/\/www.likereply.com\/it\/wp-json\/wp\/v2\/comments?post=14776"}],"version-history":[{"count":3,"href":"https:\/\/www.likereply.com\/it\/wp-json\/wp\/v2\/pages\/14776\/revisions"}],"predecessor-version":[{"id":14791,"href":"https:\/\/www.likereply.com\/it\/wp-json\/wp\/v2\/pages\/14776\/revisions\/14791"}],"wp:featuredmedia":[{"embeddable":true,"href":"https:\/\/www.likereply.com\/it\/wp-json\/wp\/v2\/media\/11673"}],"wp:attachment":[{"href":"https:\/\/www.likereply.com\/it\/wp-json\/wp\/v2\/media?parent=14776"}],"curies":[{"name":"wp","href":"https:\/\/api.w.org\/{rel}","templated":true}]}}